{"id":20046,"date":"2020-04-03T09:25:19","date_gmt":"2020-04-03T07:25:19","guid":{"rendered":"https:\/\/geschichte-hautnah.de\/www\/?page_id=20046"},"modified":"2020-04-03T09:44:29","modified_gmt":"2020-04-03T07:44:29","slug":"soldatenfriedhof-breitenbach","status":"publish","type":"page","link":"https:\/\/geschichte-hautnah.de\/www\/?page_id=20046","title":{"rendered":"Soldatenfriedhof Breitenbach"},"content":{"rendered":"<p>Sehr viele der von mir vorgestellten Soldaten wurden auf dem Soldatenfriedhof Breitenbach begraben. Auf diesem Friedhof sind 3.362 Soldaten des Ersten Weltkrieges und 173 Soldaten des Zweiten Weltkrieges beerdigt. 2.277 Soldaten liegen in Einzelgr\u00e4bern, davon 27 unbekannte Gefallene, 1.085 Soldaten wurden in einem Massengrab beigesetzt, wovon 103 unbekannt blieben. So mancher dieser Unbekannten d\u00fcrfte durch mich und meine Recherchen einen Namen erhalten haben.<\/p>\n<p>Der Soldatenfriedhof wurde im Dezember 1920 angelegt, um die verstreut begrabenen deutschen Gefallenen im Umkreis von rund 35 Kilometer zu sammeln.<\/p>\n<p>Der Soldatenfriedhof Breitenbach war eine der ersten Kriegsgr\u00e4berst\u00e4tten, die ich im Rahmen meines Projektes besuchte. Ich bin mehrfach im Jahr dort, da ich das M\u00fcnstertal und die Stadt M\u00fcnster liebe und dort auch einmal im Jahr Urlaub mache. Die umliegenden Vogesen laden zum Wandern ein, die Menschen sind freundlich und sprechen h\u00e4ufig Deutsch, das Essen ist gut. Man kann sich kaum vorstellen, dass in dieser Idylle vor mehr als 100 Jahren grausamste K\u00e4mpfe stattfanden. Relikte dieser K\u00e4mpfe findet man noch oft.<\/p>\n<p>Nur wenige Kilometer weiter befindet sich \u00fcbrigens der deutsche Soldatenfriedhof Hohrod.<\/p>\n<p><iframe loading=\"lazy\" style=\"border: 0;\" tabindex=\"0\" src=\"https:\/\/www.google.com\/maps\/embed?pb=!1m18!1m12!1m3!1d3388.109072795722!2d7.095449315890844!3d48.01781456747312!2m3!1f0!2f0!3f0!3m2!1i1024!2i768!4f13.1!3m3!1m2!1s0x0%3A0x0!2zNDjCsDAxJzA0LjEiTiA3wrAwNSc1MS41IkU!5e1!3m2!1sde!2sde!4v1585899712125!5m2!1sde!2sde\" width=\"600\" height=\"450\" frameborder=\"0\" allowfullscreen=\"allowfullscreen\" aria-hidden=\"false\"><\/iframe><\/p>\n<p>Hier einige historische Fotos des Friedhofes.<\/p>\n<figure id=\"attachment_12897\" aria-describedby=\"caption-attachment-12897\" style=\"width: 800px\" class=\"wp-caption aligncenter\"><img loading=\"lazy\" decoding=\"async\" class=\"wp-image-12897 size-full\" src=\"https:\/\/geschichte-hautnah.de\/www\/wp-content\/uploads\/2019\/07\/Breitenbach_003.jpeg\" alt=\"\" width=\"800\" height=\"535\" srcset=\"https:\/\/geschichte-hautnah.de\/www\/wp-content\/uploads\/2019\/07\/Breitenbach_003.jpeg 800w, https:\/\/geschichte-hautnah.de\/www\/wp-content\/uploads\/2019\/07\/Breitenbach_003-300x201.jpeg 300w, https:\/\/geschichte-hautnah.de\/www\/wp-content\/uploads\/2019\/07\/Breitenbach_003-768x514.jpeg 768w\" sizes=\"auto, (max-width: 800px) 100vw, 800px\" \/><figcaption id=\"caption-attachment-12897\" class=\"wp-caption-text\">Ein Blick auf Breitenbach<\/figcaption><\/figure>\n<figure id=\"attachment_12896\" aria-describedby=\"caption-attachment-12896\" style=\"width: 800px\" class=\"wp-caption aligncenter\"><img loading=\"lazy\" decoding=\"async\" class=\"wp-image-12896 size-full\" src=\"https:\/\/geschichte-hautnah.de\/www\/wp-content\/uploads\/2019\/07\/Breitenbach_002.jpeg\" alt=\"\" width=\"800\" height=\"495\" srcset=\"https:\/\/geschichte-hautnah.de\/www\/wp-content\/uploads\/2019\/07\/Breitenbach_002.jpeg 800w, https:\/\/geschichte-hautnah.de\/www\/wp-content\/uploads\/2019\/07\/Breitenbach_002-300x186.jpeg 300w, https:\/\/geschichte-hautnah.de\/www\/wp-content\/uploads\/2019\/07\/Breitenbach_002-768x475.jpeg 768w\" sizes=\"auto, (max-width: 800px) 100vw, 800px\" \/><figcaption id=\"caption-attachment-12896\" class=\"wp-caption-text\">Der stufenf\u00f6rmig angelegte Soldatenfriedhof Breitenbach<\/figcaption><\/figure>\n<figure id=\"attachment_12895\" aria-describedby=\"caption-attachment-12895\" style=\"width: 800px\" class=\"wp-caption aligncenter\"><img loading=\"lazy\" decoding=\"async\" class=\"wp-image-12895 size-full\" src=\"https:\/\/geschichte-hautnah.de\/www\/wp-content\/uploads\/2019\/07\/Breitenbach_001.jpeg\" alt=\"\" width=\"800\" height=\"560\" srcset=\"https:\/\/geschichte-hautnah.de\/www\/wp-content\/uploads\/2019\/07\/Breitenbach_001.jpeg 800w, https:\/\/geschichte-hautnah.de\/www\/wp-content\/uploads\/2019\/07\/Breitenbach_001-300x210.jpeg 300w, https:\/\/geschichte-hautnah.de\/www\/wp-content\/uploads\/2019\/07\/Breitenbach_001-768x538.jpeg 768w\" sizes=\"auto, (max-width: 800px) 100vw, 800px\" \/><figcaption id=\"caption-attachment-12895\" class=\"wp-caption-text\">Der Soldatenfriedhof Breitenbach<\/figcaption><\/figure>\n","protected":false},"excerpt":{"rendered":"<p>Sehr viele der von mir vorgestellten Soldaten wurden auf dem Soldatenfriedhof Breitenbach begraben. Auf diesem Friedhof sind 3.362 Soldaten des Ersten Weltkrieges und 173 Soldaten des Zweiten Weltkrieges beerdigt. 2.277 Soldaten liegen in Einzelgr\u00e4bern, davon 27 unbekannte Gefallene, 1.085 Soldaten wurden in einem Massengrab beigesetzt, wovon 103 unbekannt blieben. So mancher dieser Unbekannten d\u00fcrfte durch [&hellip;]<\/p>\n","protected":false},"author":2,"featured_media":0,"parent":2639,"menu_order":0,"comment_status":"closed","ping_status":"closed","template":"","meta":{"footnotes":"","_wp_rev_ctl_limit":""},"class_list":["post-20046","page","type-page","status-publish","hentry"],"_links":{"self":[{"href":"https:\/\/geschichte-hautnah.de\/www\/index.php?rest_route=\/wp\/v2\/pages\/20046","targetHints":{"allow":["GET"]}}],"collection":[{"href":"https:\/\/geschichte-hautnah.de\/www\/index.php?rest_route=\/wp\/v2\/pages"}],"about":[{"href":"https:\/\/geschichte-hautnah.de\/www\/index.php?rest_route=\/wp\/v2\/types\/page"}],"author":[{"embeddable":true,"href":"https:\/\/geschichte-hautnah.de\/www\/index.php?rest_route=\/wp\/v2\/users\/2"}],"replies":[{"embeddable":true,"href":"https:\/\/geschichte-hautnah.de\/www\/index.php?rest_route=%2Fwp%2Fv2%2Fcomments&post=20046"}],"version-history":[{"count":5,"href":"https:\/\/geschichte-hautnah.de\/www\/index.php?rest_route=\/wp\/v2\/pages\/20046\/revisions"}],"predecessor-version":[{"id":20053,"href":"https:\/\/geschichte-hautnah.de\/www\/index.php?rest_route=\/wp\/v2\/pages\/20046\/revisions\/20053"}],"up":[{"embeddable":true,"href":"https:\/\/geschichte-hautnah.de\/www\/index.php?rest_route=\/wp\/v2\/pages\/2639"}],"wp:attachment":[{"href":"https:\/\/geschichte-hautnah.de\/www\/index.php?rest_route=%2Fwp%2Fv2%2Fmedia&parent=20046"}],"curies":[{"name":"wp","href":"https:\/\/api.w.org\/{rel}","templated":true}]}}